{"id":15,"date":"2022-01-18T09:32:21","date_gmt":"2022-01-18T09:32:21","guid":{"rendered":"http:\/\/nanoukkira.nl\/?page_id=15"},"modified":"2025-01-25T13:27:07","modified_gmt":"2025-01-25T13:27:07","slug":"boeken","status":"publish","type":"page","link":"http:\/\/nanoukkira.nl\/?page_id=15","title":{"rendered":"Boeken"},"content":{"rendered":"<div class=\"wp-block-image\">\n<figure class=\"aligncenter\"><img loading=\"lazy\" decoding=\"async\" width=\"210\" height=\"300\" src=\"http:\/\/nanoukkira.nl\/wp-content\/uploads\/2021\/10\/Omslag-Drakenhart-LR-210x300.jpg\" alt=\"\" class=\"wp-image-8\"\/><figcaption class=\"wp-element-caption\"><strong>Drakenhart<\/strong><\/figcaption><\/figure><\/div>\n\n\n<ul class=\"wp-block-list\">\n<li>Titel: Drakenhart<\/li>\n\n\n\n<li>Serie: Drakenhart duologie (1)<\/li>\n\n\n\n<li>Genre: Fantasy<\/li>\n\n\n\n<li>ISBN:  9789078437796 <\/li>\n\n\n\n<li>Pagina&#8217;s: 327<\/li>\n<\/ul>\n\n\n\n<p>Durego wil Drakenridder worden en zijn verleden achter zich laten. Maar dan, als hij bij na zijn titel krijgt, wordt Ydra de dochter van de stadsheer ontvoerd en moet hij haar vrij krijgen.<\/p>\n\n\n\n<p>In Drems\u00e9a werkt Dur\u00e9go Eron eraan om drakenridder te worden, een titel die hem de kans geeft om zijn familie trots te maken en zijn verleden achter zich te laten. Als hij bijna zijn titel krijgt, wordt Ydr\u00e1, de dochter van de stadsheer, ontvoerd. Om haar vrij te krijgen zal Dur\u00e9go een reeks opdrachten moeten voltooien. Hij doet zijn best, a l krijgt h i j steeds meer het idee dat e r een achterliggende reden is voor Ydr\u00e1\u2019s gevangenneming. Haar ontvoerder kent geheimen die zelfs voor Dur\u00e9go onbekend waren. Om Ydr\u00e1 te redden zal Dur\u00e9go deel moeten nemen aan een spel waarvan hij de regels niet kent. Een spel waarin hij net zo gevangen lijkt als de drekar die hij wil bevrijden. Drakenhart is het eerste deel van de Drakenhart-duologie.<\/p>\n\n\n\n<p class=\"has-text-align-center\">***<\/p>\n\n\n<div class=\"wp-block-image\">\n<figure class=\"aligncenter is-resized\"><img loading=\"lazy\" decoding=\"async\" src=\"http:\/\/nanoukkira.nl\/wp-content\/uploads\/2022\/04\/drakenglas-front.jpg\" alt=\"\" class=\"wp-image-80\" width=\"216\" height=\"308\"\/><figcaption class=\"wp-element-caption\"><strong>Drakenglas<\/strong><\/figcaption><\/figure><\/div>\n\n\n<ul class=\"wp-block-list\">\n<li>Titel: Drakenglas<\/li>\n\n\n\n<li>Serie: Drakenhart duologie (2)<\/li>\n\n\n\n<li>Genre: fantasy<\/li>\n\n\n\n<li>ISBN: 9789493308060<\/li>\n\n\n\n<li>Uitgeverij Macc<\/li>\n\n\n\n<li>Pagina&#8217;s: 412<\/li>\n\n\n\n<li><a href=\"http:\/\/nanoukkira.nl\/?p=242\" target=\"_blank\" rel=\"noreferrer noopener\">Klik hier voor de content warnings<\/a><\/li>\n<\/ul>\n\n\n\n<p>Dur\u00e9go is ontsnapt uit het broederbos en probeert in Drems\u00e9 M\u00eeron zijn leven weer op dit pakken. Dit gaat alleen niet zo makkelijk als een oude vijand hem blijft achtervolgen en de stad aangevallen wordt door mysterieuze draken. Bovendien moet hij zijn tijd besteden aan een leerling waar hij helemaal niet om gevraagd heeft. Het lijkt wel of zijn vader hem moedwillig uit de buurt houdt van het echte probleem.<br>Vertrouwt hij Dur\u00e9go niet of verbergt hij nog meer geheimen? In zijn zoektocht naar antwoorden valt het Dur\u00e9go steeds zwaarder om te blijven vechten voor iets waar hij niet in gelooft.<\/p>\n\n\n\n<p class=\"has-text-align-center\">***<\/p>\n\n\n<div class=\"wp-block-image\">\n<figure class=\"aligncenter is-resized\"><img loading=\"lazy\" decoding=\"async\" src=\"http:\/\/nanoukkira.nl\/wp-content\/uploads\/2022\/07\/front-1.jpg\" alt=\"\" class=\"wp-image-121\" width=\"222\" height=\"334\" srcset=\"http:\/\/nanoukkira.nl\/wp-content\/uploads\/2022\/07\/front-1.jpg 555w, http:\/\/nanoukkira.nl\/wp-content\/uploads\/2022\/07\/front-1-199x300.jpg 199w\" sizes=\"auto, (max-width: 222px) 100vw, 222px\" \/><figcaption class=\"wp-element-caption\"><strong>Muren van ijs<\/strong><\/figcaption><\/figure><\/div>\n\n\n<ul class=\"wp-block-list\">\n<li>Titel: Muren van IJs<\/li>\n\n\n\n<li>Serie: Orton duologie (1)<\/li>\n\n\n\n<li>Genre: fantasy<\/li>\n\n\n\n<li>Jaar van publicatie: 2022<\/li>\n\n\n\n<li>ISBN: 9789463084512<\/li>\n\n\n\n<li>Uitgeverij Zilverbron<\/li>\n\n\n\n<li>Pagina&#8217;s: 638<\/li>\n\n\n\n<li><a href=\"http:\/\/nanoukkira.nl\/?p=123\" target=\"_blank\" rel=\"noreferrer noopener\" aria-label=\"Klik hier voor de content warnings (opent in een nieuwe tab)\">Klik hier voor de content warnings<\/a><\/li>\n<\/ul>\n\n\n\n<p> Ravacur is een stad in opkomst, zegt men overal. Een stad die snel zal uitgroeien tot een welvarend rijk. Neara ziet haar kans wanneer haar oom erheen vertrekt voor zijn baan als belastinginner. Ze reist met hem mee in de hoop dat de stad haar andere mogelijkheden biedt dan een grimmige toekomst waarin ze hem opvolgt.<br>Al snel blijkt dat de beloofde welvaart een bittere nasmaak heeft. Rijkdom en voedsel wordt hier niet met iedereen gedeeld. Terwijl er een bijzonder strenge winter heerst, moeten bewoners buiten aan een muur bouwen.<br>Niet alleen Neara trekt de rechtvaardigheid hiervan in twijfel. Onder de dorpelingen hoort ze steeds meer gefluister over Orton, de naam die Ravacur vroeger droeg. Ze ontmoet mensen die terugverlangen naar het dorp zoals het vroeger was. Vira, die gelooft dat zij er is om hen van de kou en onderdrukking te redden. D\u00e9no, een verbannen jongen die weinig loslaat over wat hij met de sneeuw te maken heeft. En Firan, een rebel die achter zijn vrolijke masker een diepe duisternis verbergt.<br>Neara wordt steeds verder meegesleurd in de onrust. Als ze achter de prijs van haar keuzes komt, lijkt het al te laat om het dorp en de bewoners nog haar rug toe te keren. <\/p>\n\n\n\n<p class=\"has-text-align-center\">***<\/p>\n\n\n<div class=\"wp-block-image\">\n<figure class=\"aligncenter size-full is-resized\"><img loading=\"lazy\" decoding=\"async\" src=\"http:\/\/nanoukkira.nl\/wp-content\/uploads\/2025\/01\/Poorten-van-vuur-front.jpg\" alt=\"\" class=\"wp-image-251\" width=\"223\" height=\"337\" srcset=\"http:\/\/nanoukkira.nl\/wp-content\/uploads\/2025\/01\/Poorten-van-vuur-front.jpg 545w, http:\/\/nanoukkira.nl\/wp-content\/uploads\/2025\/01\/Poorten-van-vuur-front-199x300.jpg 199w\" sizes=\"auto, (max-width: 223px) 100vw, 223px\" \/><figcaption class=\"wp-element-caption\"><strong>Poorten van vuur<\/strong><\/figcaption><\/figure><\/div>\n\n\n<ul class=\"wp-block-list\">\n<li>Titel: Poorten van Vuur<\/li>\n\n\n\n<li>Serie: Orton duologie (2)<\/li>\n\n\n\n<li>Genre: fantasy<\/li>\n\n\n\n<li>Jaar van publicatie: 2023<\/li>\n\n\n\n<li>ISBN: 9789463084383<\/li>\n\n\n\n<li>Uitgeverij Zilverbron<\/li>\n\n\n\n<li><a rel=\"noreferrer noopener\" href=\"http:\/\/nanoukkira.nl\/?page_id=252\" data-type=\"URL\" data-id=\"http:\/\/nanoukkira.nl\/?page_id=252\" target=\"_blank\">Lees hier de contentwarnings<\/a><\/li>\n<\/ul>\n\n\n\n<p><em>&#8216;Uit de dood is geen weg terug. En als je ooit een manier zou vinden, is het er een die je niet wilt. &#8216;Uit de dood is geen weg terug. En als je ooit een manier zou vinden, is het er een die je niet wilt. Wanneer je de dood in de ogen hebt gekeken en over die grens bent gegaan, ben je niet meer dezelfde.&#8217;<\/em><\/p>\n\n\n\n<p>De chaos in Orton is compleet. Neara meldt zich als spion aan in het nieuwe leger. Al snel merkt ze dat de generaal uitgebreide plannen heeft voor het dorp. Plannen die voor Neara en haar vrienden niet gunstig uit zullen pakken. Ze moeten strijden om hun vrijheid te behouden. Het valt hun zwaar de rebellen verder te leiden nu ze een van hun beste vrienden moeten missen. Zeker als er steeds meer mensen naar de macht grijpen. De sluimerende magie komt tot een uitbarsting. Als er een poort naar de nawereld geopend wordt, zwerven de doden door de stad. Gewetenloze monsters met de gezichten van mensen die er ooit woonden, dringen huizen binnen en doden iedereen die ze tegenkomen. Vriend en vijand moeten zich samen inzetten om het dorp van de ondergang te redden.<\/p>\n\n\n<div class=\"wp-block-image\">\n<figure class=\"aligncenter size-large is-resized\"><img loading=\"lazy\" decoding=\"async\" src=\"http:\/\/nanoukkira.nl\/wp-content\/uploads\/2025\/01\/Broken-Arrows-Ave-Basilio-1-683x1024.jpg\" alt=\"\" class=\"wp-image-259\" width=\"220\" height=\"330\" srcset=\"http:\/\/nanoukkira.nl\/wp-content\/uploads\/2025\/01\/Broken-Arrows-Ave-Basilio-1-683x1024.jpg 683w, http:\/\/nanoukkira.nl\/wp-content\/uploads\/2025\/01\/Broken-Arrows-Ave-Basilio-1-200x300.jpg 200w, http:\/\/nanoukkira.nl\/wp-content\/uploads\/2025\/01\/Broken-Arrows-Ave-Basilio-1-768x1152.jpg 768w, http:\/\/nanoukkira.nl\/wp-content\/uploads\/2025\/01\/Broken-Arrows-Ave-Basilio-1-1024x1536.jpg 1024w, http:\/\/nanoukkira.nl\/wp-content\/uploads\/2025\/01\/Broken-Arrows-Ave-Basilio-1-1365x2048.jpg 1365w, http:\/\/nanoukkira.nl\/wp-content\/uploads\/2025\/01\/Broken-Arrows-Ave-Basilio-1.jpg 1600w\" sizes=\"auto, (max-width: 220px) 100vw, 220px\" \/><figcaption class=\"wp-element-caption\"><strong>Broken Arrows (Engels)<\/strong><\/figcaption><\/figure><\/div>\n\n\n<ul class=\"wp-block-list\">\n<li>Titel: Broken Arrows <\/li>\n\n\n\n<li>Alleen in het Engels<\/li>\n\n\n\n<li>Standalone<\/li>\n\n\n\n<li>Genre: historisch\/legende<\/li>\n\n\n\n<li>Jaar van publicatie: 2024<\/li>\n\n\n\n<li>ISBN: 9798223335184<\/li>\n\n\n\n<li>Uitgeverij Deephearts YA<\/li>\n\n\n\n<li><a href=\"https:\/\/www.amazon.com\/Broken-Arrows-Nanouk-Kira\/dp\/1998055752\/ref=sr_1_1?crid=2CBPKQQ1JDQEU&amp;dib=eyJ2IjoiMSJ9.cKjTMA_bDSdKLP6Ceww6oA.8o0jGbku3zNtu-KyJBMBmMZW9pohrgFrDDK4K_HS5e8&amp;dib_tag=se&amp;keywords=broken+arrows+nanouk+kira&amp;qid=1737811494&amp;sprefix=broken+arrows+nanouk+kira%2Caps%2C202&amp;sr=8-1\" data-type=\"URL\" data-id=\"https:\/\/www.amazon.com\/Broken-Arrows-Nanouk-Kira\/dp\/1998055752\/ref=sr_1_1?crid=2CBPKQQ1JDQEU&amp;dib=eyJ2IjoiMSJ9.cKjTMA_bDSdKLP6Ceww6oA.8o0jGbku3zNtu-KyJBMBmMZW9pohrgFrDDK4K_HS5e8&amp;dib_tag=se&amp;keywords=broken+arrows+nanouk+kira&amp;qid=1737811494&amp;sprefix=broken+arrows+nanouk+kira%2Caps%2C202&amp;sr=8-1\" target=\"_blank\" rel=\"noreferrer noopener\">Bestel hem hier<\/a><\/li>\n<\/ul>\n\n\n\n<p>Marian despises her life in Nottingham Castle. She feels confined\u2014trapped\u2014especially with her upcoming forced marriage to the sheriff\u2019s cousin. She longs to escape, but has nowhere to run.<br><br>She also has a talent for getting into trouble.<br><br>When she goes out riding and is captured by outlaws of the notorious Robin Hood, she is stunned to learn that Robin Hood is, in fact, a woman of the same age. She hopes for some help from this outlaw, but Robin only wants to use Marian as a tool to steal the sheriff\u2019s seal.<br><br>As she spends time with the outlaws, Marian finally feels freedom she\u2019d never felt before. And she also feels\u2026<em>something<\/em>\u00a0for the outlaw Robin Hood. Then an opportunity arises. Rather than Robin\u00a0<em>using<\/em>\u00a0Marian, Marian could work<em>\u00a0with<\/em>\u00a0Robin, team up, and take down the sheriff together.<br><br>But\u2026is it wise to trust an outlaw, especially when her heart\u2019s involved?<\/p>\n","protected":false},"excerpt":{"rendered":"<p class=\"excerpt\">Durego wil Drakenridder worden en zijn verleden achter zich laten. Maar dan, als hij bij na zijn titel krijgt, wordt Ydra de dochter van de stadsheer ontvoerd en moet hij haar vrij krijgen. In Drems\u00e9a werkt Dur\u00e9go Eron eraan om drakenridder te worden, een titel die hem de kans geeft om zijn familie trots te maken en zijn verleden achter&hellip; <a href=\"http:\/\/nanoukkira.nl\/?page_id=15\">Lees verder &rarr;<\/a><\/p>\n","protected":false},"author":2,"featured_media":0,"parent":0,"menu_order":0,"comment_status":"closed","ping_status":"closed","template":"","meta":{"footnotes":""},"class_list":["post-15","page","type-page","status-publish","hentry","xfolkentry"],"_links":{"self":[{"href":"http:\/\/nanoukkira.nl\/index.php?rest_route=\/wp\/v2\/pages\/15","targetHints":{"allow":["GET"]}}],"collection":[{"href":"http:\/\/nanoukkira.nl\/index.php?rest_route=\/wp\/v2\/pages"}],"about":[{"href":"http:\/\/nanoukkira.nl\/index.php?rest_route=\/wp\/v2\/types\/page"}],"author":[{"embeddable":true,"href":"http:\/\/nanoukkira.nl\/index.php?rest_route=\/wp\/v2\/users\/2"}],"replies":[{"embeddable":true,"href":"http:\/\/nanoukkira.nl\/index.php?rest_route=%2Fwp%2Fv2%2Fcomments&post=15"}],"version-history":[{"count":19,"href":"http:\/\/nanoukkira.nl\/index.php?rest_route=\/wp\/v2\/pages\/15\/revisions"}],"predecessor-version":[{"id":261,"href":"http:\/\/nanoukkira.nl\/index.php?rest_route=\/wp\/v2\/pages\/15\/revisions\/261"}],"wp:attachment":[{"href":"http:\/\/nanoukkira.nl\/index.php?rest_route=%2Fwp%2Fv2%2Fmedia&parent=15"}],"curies":[{"name":"wp","href":"https:\/\/api.w.org\/{rel}","templated":true}]}}